{"id":49,"date":"2024-10-01T04:31:34","date_gmt":"2024-10-01T04:31:34","guid":{"rendered":"https:\/\/sm.seg.br\/v1\/?page_id=49"},"modified":"2025-03-24T18:38:00","modified_gmt":"2025-03-24T18:38:00","slug":"home","status":"publish","type":"page","link":"https:\/\/sm.seg.br\/v1\/","title":{"rendered":"home"},"content":{"rendered":"\t\t<div data-elementor-type=\"wp-post\" data-elementor-id=\"49\" class=\"elementor elementor-49\" data-elementor-post-type=\"page\">\n\t\t\t\t<div class=\"elementor-element elementor-element-0451a6b sm-20 e-flex e-con-boxed elementor-invisible e-con e-parent\" data-id=\"0451a6b\" data-element_type=\"container\" id=\"sobre\" data-settings=\"{&quot;background_background&quot;:&quot;classic&quot;,&quot;animation&quot;:&quot;fadeInUp&quot;}\">\n\t\t\t\t\t<div class=\"e-con-inner\">\n\t\t\t\t<div class=\"elementor-element elementor-element-02d4055 sm-texto elementor-widget elementor-widget-text-editor\" data-id=\"02d4055\" data-element_type=\"widget\" data-widget_type=\"text-editor.default\">\n\t\t\t\t\t\t\t\t\t<p><span style=\"font-weight: 400;\">Contamos com uma equipe com mais de <\/span><b>20 anos de experi\u00eancia <\/b><span style=\"font-weight: 400;\">no mercado, a <\/span><b>S\u00e3o Miguel Servi\u00e7os e Vigil\u00e2ncia<\/b><span style=\"font-weight: 400;\"> tem um \u00fanico prop\u00f3sito: ajudar a melhorar a qualidade de vida em lares e empresas.&nbsp;<\/span><\/p>\n<p><span style=\"font-family: var( --e-global-typography-text-font-family ), Sans-serif; letter-spacing: 0.1px;\">Oferecemos solu\u00e7\u00f5es completas em <\/span><b style=\"font-family: var( --e-global-typography-text-font-family ), Sans-serif; letter-spacing: 0.1px;\">servi\u00e7os de limpeza profissional<\/b><span style=\"font-family: var( --e-global-typography-text-font-family ), Sans-serif; letter-spacing: 0.1px;\">, <\/span><b style=\"font-family: var( --e-global-typography-text-font-family ), Sans-serif; letter-spacing: 0.1px;\">limpeza comercial<\/b><span style=\"font-family: var( --e-global-typography-text-font-family ), Sans-serif; letter-spacing: 0.1px;\">, <\/span><b style=\"font-family: var( --e-global-typography-text-font-family ), Sans-serif; letter-spacing: 0.1px;\">portaria 24 horas<\/b><span style=\"font-family: var( --e-global-typography-text-font-family ), Sans-serif; letter-spacing: 0.1px;\">, <\/span><b style=\"font-family: var( --e-global-typography-text-font-family ), Sans-serif; letter-spacing: 0.1px;\">servi\u00e7o de vigil\u00e2ncia<\/b><span style=\"font-family: var( --e-global-typography-text-font-family ), Sans-serif; letter-spacing: 0.1px;\"> e <\/span><b style=\"font-family: var( --e-global-typography-text-font-family ), Sans-serif; letter-spacing: 0.1px;\">seguran\u00e7a patrimonial<\/b><span style=\"font-family: var( --e-global-typography-text-font-family ), Sans-serif; letter-spacing: 0.1px;\">.<\/span><\/p>\n<p><span style=\"font-weight: 400;\">Nossas solu\u00e7\u00f5es tornam o dia a dia mais eficiente, agregando compet\u00eancia e qualidade t\u00e9cnica em atividades como <\/span><b>limpeza de condom\u00ednios<\/b><span style=\"font-weight: 400;\">, <\/span><b>conserva\u00e7\u00e3o de \u00e1reas comuns<\/b><span style=\"font-weight: 400;\">, <\/span><b>servi\u00e7os de portaria<\/b><span style=\"font-weight: 400;\"> e <\/span><b>recep\u00e7\u00e3o<\/b><span style=\"font-weight: 400;\">.&nbsp;<\/span><\/p>\n<p><span style=\"font-weight: 400;\">Conte com a S\u00e3o Miguel para uma gest\u00e3o eficaz de <\/span><b>servi\u00e7os terceirizados<\/b><span style=\"font-weight: 400;\"> que garantem tranquilidade e seguran\u00e7a para sua empresa ou resid\u00eancia.<\/span><\/p>\t\t\t\t\t\t\t\t<\/div>\n\t\t\t\t\t<\/div>\n\t\t\t\t<\/div>\n\t\t<div class=\"elementor-element elementor-element-9a0bfb7 e-flex e-con-boxed e-con e-parent\" data-id=\"9a0bfb7\" data-element_type=\"container\">\n\t\t\t\t\t<div class=\"e-con-inner\">\n\t\t<div class=\"elementor-element elementor-element-ebe1476 e-con-full e-flex elementor-invisible e-con e-child\" data-id=\"ebe1476\" data-element_type=\"container\" data-settings=\"{&quot;animation&quot;:&quot;fadeInLeft&quot;}\">\n\t\t\t\t<div class=\"elementor-element elementor-element-c8710de elementor-invisible elementor-widget elementor-widget-image\" data-id=\"c8710de\" data-element_type=\"widget\" data-settings=\"{&quot;_animation&quot;:&quot;fadeIn&quot;}\" data-widget_type=\"image.default\">\n\t\t\t\t\t\t\t\t\t\t\t\t<figure class=\"wp-caption\">\n\t\t\t\t\t\t\t\t\t\t<img fetchpriority=\"high\" decoding=\"async\" width=\"788\" height=\"1024\" src=\"https:\/\/sm.seg.br\/v1\/wp-content\/uploads\/2024\/10\/vigilancia-788x1024.png\" class=\"attachment-large size-large wp-image-69\" alt=\"\" srcset=\"https:\/\/sm.seg.br\/v1\/wp-content\/uploads\/2024\/10\/vigilancia-788x1024.png 788w, https:\/\/sm.seg.br\/v1\/wp-content\/uploads\/2024\/10\/vigilancia-231x300.png 231w, https:\/\/sm.seg.br\/v1\/wp-content\/uploads\/2024\/10\/vigilancia-768x998.png 768w, https:\/\/sm.seg.br\/v1\/wp-content\/uploads\/2024\/10\/vigilancia-1182x1536.png 1182w, https:\/\/sm.seg.br\/v1\/wp-content\/uploads\/2024\/10\/vigilancia-1577x2048.png 1577w, https:\/\/sm.seg.br\/v1\/wp-content\/uploads\/2024\/10\/vigilancia.png 1920w\" sizes=\"(max-width: 788px) 100vw, 788px\" \/>\t\t\t\t\t\t\t\t\t\t\t<figcaption class=\"widget-image-caption wp-caption-text\">VIGIL\u00c2NCIA ARMADA OU DESARMADA<\/figcaption>\n\t\t\t\t\t\t\t\t\t\t<\/figure>\n\t\t\t\t\t\t\t\t\t<\/div>\n\t\t\t\t<\/div>\n\t\t<div class=\"elementor-element elementor-element-d153954 e-con-full e-flex elementor-invisible e-con e-child\" data-id=\"d153954\" data-element_type=\"container\" data-settings=\"{&quot;animation&quot;:&quot;fadeInRight&quot;}\">\n\t\t<div class=\"elementor-element elementor-element-07a2608 e-con-full e-flex e-con e-child\" data-id=\"07a2608\" data-element_type=\"container\">\n\t\t\t\t<div class=\"elementor-element elementor-element-c0035ac vigi-texto elementor-invisible elementor-widget elementor-widget-text-editor\" data-id=\"c0035ac\" data-element_type=\"widget\" data-settings=\"{&quot;_animation&quot;:&quot;fadeIn&quot;}\" data-widget_type=\"text-editor.default\">\n\t\t\t\t\t\t\t\t\t<p><span style=\"font-weight: 400;\">Vigil\u00e2ncia armada e desarmada com apoio t\u00e1tico especializado, adaptada para diversos setores e necessidades.<\/span><\/p><p><span style=\"font-weight: 400;\">Crit\u00e9rios rigorosos de sele\u00e7\u00e3o e treinamento dos nossos profissionais, assegurando a contrata\u00e7\u00e3o de vigilantes altamente qualificados.<\/span><\/p><p><span style=\"font-weight: 400;\">Certifica\u00e7\u00e3o obrigat\u00f3ria pela Academia de Forma\u00e7\u00e3o de Vigilantes, comprovando a compet\u00eancia e preparo t\u00e9cnico de nossa equipe.<\/span><\/p><p><span style=\"font-weight: 400;\">Atendimento personalizado e solu\u00e7\u00f5es customizadas para cada cliente, oferecendo seguran\u00e7a patrimonial e tranquilidade.<\/span><\/p>\t\t\t\t\t\t\t\t<\/div>\n\t\t\t\t<\/div>\n\t\t\t\t<\/div>\n\t\t\t\t\t<\/div>\n\t\t\t\t<\/div>\n\t\t<div class=\"elementor-element elementor-element-19bf952 e-flex e-con-boxed elementor-invisible e-con e-parent\" data-id=\"19bf952\" data-element_type=\"container\" id=\"solucoes\" data-settings=\"{&quot;background_background&quot;:&quot;classic&quot;,&quot;animation&quot;:&quot;fadeInUp&quot;}\">\n\t\t\t\t\t<div class=\"e-con-inner\">\n\t\t<div class=\"elementor-element elementor-element-4080c85 e-grid e-con-full e-con e-child\" data-id=\"4080c85\" data-element_type=\"container\">\n\t\t\t\t<div class=\"elementor-element elementor-element-9985cc7 elementor-invisible elementor-widget elementor-widget-html\" data-id=\"9985cc7\" data-element_type=\"widget\" data-settings=\"{&quot;_animation&quot;:&quot;fadeIn&quot;}\" data-widget_type=\"html.default\">\n\t\t\t\t\t<div class=\"icons\">\n    <div class=\"image-icon\">\n        <img decoding=\"async\" src=\"https:\/\/sm.seg.br\/v1\/wp-content\/uploads\/2024\/10\/casas-ico.webp\">\n    <\/div>\n    <div class=\"lista\">\n        <h5 class=\"icons-title\">Vigilantes para RESID\u00caNCIAS<\/h3>\n        <ul class=\"wp-block-list\">\n<li>Patrim\u00f4nio 100% protegido<\/li>\n<li>Garantia de sossego para fam\u00edlias<\/li>\n<li>Aten\u00e7\u00e3o e dedica\u00e7\u00e3o total \u00e0s resid\u00eancias<\/li>\n<\/ul>\n    <\/div>\n<\/div>\t\t\t\t<\/div>\n\t\t\t\t<div class=\"elementor-element elementor-element-86886b4 elementor-invisible elementor-widget elementor-widget-html\" data-id=\"86886b4\" data-element_type=\"widget\" data-settings=\"{&quot;_animation&quot;:&quot;fadeIn&quot;}\" data-widget_type=\"html.default\">\n\t\t\t\t\t<div class=\"icons\">\n    <div class=\"image-icon\">\n        <img decoding=\"async\" src=\"https:\/\/sm.seg.br\/v1\/wp-content\/uploads\/2024\/10\/condominios-ico.webp\">\n    <\/div>\n    <div class=\"lista\">\n        <h5 class=\"icons-title\">Vigilantes para CONDOM\u00cdNIOS<\/h3>\n        <ul class=\"wp-block-list\">\n<li>Prote\u00e7\u00e3o aos moradores e funcion\u00e1rios<\/li>\n<li>Controle de acesso aos ambientes<\/li>\n<li>Seguran\u00e7a e tranquilidade para todos<\/li>\n<\/ul>\n    <\/div>\n<\/div>\t\t\t\t<\/div>\n\t\t\t\t<div class=\"elementor-element elementor-element-65710eb elementor-invisible elementor-widget elementor-widget-html\" data-id=\"65710eb\" data-element_type=\"widget\" data-settings=\"{&quot;_animation&quot;:&quot;fadeIn&quot;}\" data-widget_type=\"html.default\">\n\t\t\t\t\t<div class=\"icons\">\n    <div class=\"image-icon\">\n        <img decoding=\"async\" src=\"https:\/\/sm.seg.br\/v1\/wp-content\/uploads\/2024\/10\/comercios-ico.webp\">\n    <\/div>\n    <div class=\"lista\">\n        <h5 class=\"icons-title\">Vigilantes para COM\u00c9RCIOS<\/h3>\n        <ul class=\"wp-block-list\">\n<li>Prote\u00e7\u00e3o aos moradores e funcion\u00e1rios<\/li>\n<li>Controle de acesso aos ambientes<\/li>\n<li>Seguran\u00e7a e tranquilidade para todos<\/li>\n<\/ul>\n    <\/div>\n<\/div>\t\t\t\t<\/div>\n\t\t\t\t<div class=\"elementor-element elementor-element-c5b3543 elementor-invisible elementor-widget elementor-widget-html\" data-id=\"c5b3543\" data-element_type=\"widget\" data-settings=\"{&quot;_animation&quot;:&quot;fadeIn&quot;}\" data-widget_type=\"html.default\">\n\t\t\t\t\t<div class=\"icons\">\n    <div class=\"image-icon\">\n        <img decoding=\"async\" src=\"https:\/\/sm.seg.br\/v1\/wp-content\/uploads\/2024\/10\/bancos-ico.webp\">\n    <\/div>\n    <div class=\"lista\">\n        <h5 class=\"icons-title\">Vigilantes para BANCOS<\/h3>\n        <ul class=\"wp-block-list\">\n<li>Compromisso com seguran\u00e7a das redes de ag\u00eancias banc\u00e1rias<\/li>\n<li>R\u00edgido padr\u00e3o de qualidade<\/li>\n<li>Pleno atendimento da legisla\u00e7\u00e3o vigente<\/li>\n<\/ul>\n    <\/div>\n<\/div>\t\t\t\t<\/div>\n\t\t\t\t<div class=\"elementor-element elementor-element-e54ae0b elementor-invisible elementor-widget elementor-widget-html\" data-id=\"e54ae0b\" data-element_type=\"widget\" data-settings=\"{&quot;_animation&quot;:&quot;fadeIn&quot;}\" data-widget_type=\"html.default\">\n\t\t\t\t\t<div class=\"icons\">\n    <div class=\"image-icon\">\n        <img decoding=\"async\" src=\"https:\/\/sm.seg.br\/v1\/wp-content\/uploads\/2024\/10\/industrias-ico.webp\">\n    <\/div>\n    <div class=\"lista\">\n        <h5 class=\"icons-title\">Vigilantes para IND\u00daSTRIAS<\/h3>\n        <ul class=\"wp-block-list\">\n<li>Compromisso com a prote\u00e7\u00e3o do patrim\u00f4nio<\/li>\n<li>Foco na seguran\u00e7a constante de funcion\u00e1rios<\/li>\n<li>Controle de acesso aos ambientes e prote\u00e7\u00e3o de produtos<\/li>\n<\/ul>\n    <\/div>\n<\/div>\t\t\t\t<\/div>\n\t\t\t\t<\/div>\n\t\t\t\t\t<\/div>\n\t\t\t\t<\/div>\n\t\t<div class=\"elementor-element elementor-element-98d670b e-flex e-con-boxed e-con e-parent\" data-id=\"98d670b\" data-element_type=\"container\">\n\t\t\t\t\t<div class=\"e-con-inner\">\n\t\t<div class=\"elementor-element elementor-element-03ff284 e-con-full e-flex elementor-invisible e-con e-child\" data-id=\"03ff284\" data-element_type=\"container\" data-settings=\"{&quot;animation&quot;:&quot;fadeInLeft&quot;}\">\n\t\t<div class=\"elementor-element elementor-element-9c8035b e-con-full e-flex e-con e-child\" data-id=\"9c8035b\" data-element_type=\"container\">\n\t\t\t\t<div class=\"elementor-element elementor-element-7e2ee31 elementor-widget elementor-widget-text-editor\" data-id=\"7e2ee31\" data-element_type=\"widget\" data-widget_type=\"text-editor.default\">\n\t\t\t\t\t\t\t\t\t<p><span style=\"font-weight: 400;\">Nossos profissionais s\u00e3o treinados para atuar com postura exemplar, cordialidade e total conhecimento das normas e regimentos internos do local.&nbsp;<\/span><\/p><p><span style=\"font-weight: 400;\"><br><\/span><\/p>\n<p><span style=\"font-weight: 400;\">Oferecemos uma equipe qualificada para garantir seguran\u00e7a, organiza\u00e7\u00e3o e um atendimento que reflete a imagem da sua empresa.<\/span><\/p>\t\t\t\t\t\t\t\t<\/div>\n\t\t\t\t<\/div>\n\t\t<div class=\"elementor-element elementor-element-dc0f8fe e-con-full e-flex e-con e-child\" data-id=\"dc0f8fe\" data-element_type=\"container\">\n\t\t<div class=\"elementor-element elementor-element-1756ae1 e-grid e-con-full e-con e-child\" data-id=\"1756ae1\" data-element_type=\"container\">\n\t\t\t\t<div class=\"elementor-element elementor-element-5b5ffcc elementor-widget elementor-widget-html\" data-id=\"5b5ffcc\" data-element_type=\"widget\" data-widget_type=\"html.default\">\n\t\t\t\t\t<div class=\"icons-portaria\">\n    <div class=\"image-icon\">\n        <img decoding=\"async\" src=\"https:\/\/sm.seg.br\/v1\/wp-content\/uploads\/2024\/10\/intrusos.png\">\n    <\/div>\n    <div class=\"lista-portaria\">\n        <span>Prote\u00e7\u00e3o contra Intrusos<\/span>\n       \n    <\/div>\n<\/div>\t\t\t\t<\/div>\n\t\t\t\t<div class=\"elementor-element elementor-element-ea48aff elementor-widget elementor-widget-html\" data-id=\"ea48aff\" data-element_type=\"widget\" data-widget_type=\"html.default\">\n\t\t\t\t\t<div class=\"icons-portaria\">\n<div class=\"image-icon\">\n        <img decoding=\"async\" src=\"https:\/\/sm.seg.br\/v1\/wp-content\/uploads\/2024\/10\/entra-sai.png\">\n<\/div>\n<div class=\"lista-portaria\">\n    <span>Seguran\u00e7a em entradas e sa\u00eddas<\/span>\n       \n    <\/div>\n<\/div>\t\t\t\t<\/div>\n\t\t\t\t<div class=\"elementor-element elementor-element-950e673 elementor-widget elementor-widget-html\" data-id=\"950e673\" data-element_type=\"widget\" data-widget_type=\"html.default\">\n\t\t\t\t\t<div class=\"icons-portaria\">\n<div class=\"image-icon\">\n        <img decoding=\"async\" src=\"https:\/\/sm.seg.br\/v1\/wp-content\/uploads\/2024\/10\/movimento.png\">\n<\/div>\n<div class=\"lista-portaria\">\n    <span>Controle de movimenta\u00e7\u00e3o<\/span>\n       \n    <\/div>\n<\/div>\t\t\t\t<\/div>\n\t\t\t\t<div class=\"elementor-element elementor-element-e22bc3b elementor-widget elementor-widget-html\" data-id=\"e22bc3b\" data-element_type=\"widget\" data-widget_type=\"html.default\">\n\t\t\t\t\t<div class=\"icons-portaria\">\n<div class=\"image-icon\">\n        <img decoding=\"async\" src=\"https:\/\/sm.seg.br\/v1\/wp-content\/uploads\/2024\/10\/equipe.png\">\n<\/div>\n<div class=\"lista-portaria\">\n    <span>Equipe capacitada, atendimento diferenciado<\/span>\n       \n    <\/div>\n<\/div>\t\t\t\t<\/div>\n\t\t\t\t<\/div>\n\t\t\t\t<\/div>\n\t\t\t\t<\/div>\n\t\t<div class=\"elementor-element elementor-element-544df59 e-con-full e-flex e-con e-child\" data-id=\"544df59\" data-element_type=\"container\">\n\t\t\t\t<div class=\"elementor-element elementor-element-7fb90b9 elementor-invisible elementor-widget elementor-widget-image\" data-id=\"7fb90b9\" data-element_type=\"widget\" data-settings=\"{&quot;_animation&quot;:&quot;fadeInRight&quot;}\" data-widget_type=\"image.default\">\n\t\t\t\t\t\t\t\t\t\t\t\t\t\t\t<img decoding=\"async\" width=\"800\" height=\"933\" src=\"https:\/\/sm.seg.br\/v1\/wp-content\/uploads\/2024\/10\/portaria.webp\" class=\"attachment-large size-large wp-image-220\" alt=\"\" srcset=\"https:\/\/sm.seg.br\/v1\/wp-content\/uploads\/2024\/10\/portaria.webp 847w, https:\/\/sm.seg.br\/v1\/wp-content\/uploads\/2024\/10\/portaria-257x300.webp 257w, https:\/\/sm.seg.br\/v1\/wp-content\/uploads\/2024\/10\/portaria-768x896.webp 768w\" sizes=\"(max-width: 800px) 100vw, 800px\" \/>\t\t\t\t\t\t\t\t\t\t\t\t\t\t\t<\/div>\n\t\t\t\t<\/div>\n\t\t\t\t\t<\/div>\n\t\t\t\t<\/div>\n\t\t<div class=\"elementor-element elementor-element-2a2161c e-flex e-con-boxed e-con e-parent\" data-id=\"2a2161c\" data-element_type=\"container\" data-settings=\"{&quot;background_background&quot;:&quot;classic&quot;}\">\n\t\t\t\t\t<div class=\"e-con-inner\">\n\t\t\t\t\t<\/div>\n\t\t\t\t<\/div>\n\t\t<div class=\"elementor-element elementor-element-900c34f e-flex e-con-boxed e-con e-parent\" data-id=\"900c34f\" data-element_type=\"container\">\n\t\t\t\t\t<div class=\"e-con-inner\">\n\t\t<div class=\"elementor-element elementor-element-4a2abb0 e-con-full e-flex e-con e-child\" data-id=\"4a2abb0\" data-element_type=\"container\">\n\t\t\t\t<div class=\"elementor-element elementor-element-b0dfa38 elementor-invisible elementor-widget elementor-widget-image\" data-id=\"b0dfa38\" data-element_type=\"widget\" data-settings=\"{&quot;_animation&quot;:&quot;fadeInLeft&quot;}\" data-widget_type=\"image.default\">\n\t\t\t\t\t\t\t\t\t\t\t\t\t\t\t<img decoding=\"async\" width=\"792\" height=\"1024\" src=\"https:\/\/sm.seg.br\/v1\/wp-content\/uploads\/2024\/10\/limpeza-792x1024.webp\" class=\"attachment-large size-large wp-image-269\" alt=\"\" srcset=\"https:\/\/sm.seg.br\/v1\/wp-content\/uploads\/2024\/10\/limpeza-792x1024.webp 792w, https:\/\/sm.seg.br\/v1\/wp-content\/uploads\/2024\/10\/limpeza-232x300.webp 232w, https:\/\/sm.seg.br\/v1\/wp-content\/uploads\/2024\/10\/limpeza-768x993.webp 768w, https:\/\/sm.seg.br\/v1\/wp-content\/uploads\/2024\/10\/limpeza.webp 1002w\" sizes=\"(max-width: 792px) 100vw, 792px\" \/>\t\t\t\t\t\t\t\t\t\t\t\t\t\t\t<\/div>\n\t\t\t\t<\/div>\n\t\t<div class=\"elementor-element elementor-element-1735f19 e-con-full e-flex e-con e-child\" data-id=\"1735f19\" data-element_type=\"container\">\n\t\t<div class=\"elementor-element elementor-element-65fc6d6 e-con-full e-flex e-con e-child\" data-id=\"65fc6d6\" data-element_type=\"container\">\n\t\t\t\t<div class=\"elementor-element elementor-element-5435c07 elementor-invisible elementor-widget elementor-widget-text-editor\" data-id=\"5435c07\" data-element_type=\"widget\" data-settings=\"{&quot;_animation&quot;:&quot;fadeInRight&quot;}\" data-widget_type=\"text-editor.default\">\n\t\t\t\t\t\t\t\t\t<p><span style=\"font-weight: 400;\">Fornecemos <\/span><b>m\u00e3o de obra especializada<\/b><span style=\"font-weight: 400;\"> para servi\u00e7os de <\/span><b>limpeza<\/b><span style=\"font-weight: 400;\">, <\/span><b>zeladoria<\/b><span style=\"font-weight: 400;\">, <\/span><b>jardinagem<\/b><span style=\"font-weight: 400;\"> e <\/span><b>copeira<\/b><span style=\"font-weight: 400;\">, garantindo qualidade, efici\u00eancia e atendimento personalizado.&nbsp;<\/span><\/p><p><span style=\"font-weight: 400;\"><br><\/span><\/p>\n<p><span style=\"font-weight: 400;\">Nossa equipe \u00e9 treinada para oferecer solu\u00e7\u00f5es que atendem \u00e0s necessidades espec\u00edficas de cada cliente, mantendo ambientes sempre organizados e agrad\u00e1veis.<\/span><\/p>\t\t\t\t\t\t\t\t<\/div>\n\t\t\t\t<\/div>\n\t\t<div class=\"elementor-element elementor-element-760628a e-con-full e-flex elementor-invisible e-con e-child\" data-id=\"760628a\" data-element_type=\"container\" data-settings=\"{&quot;animation&quot;:&quot;fadeInRight&quot;}\">\n\t\t<div class=\"elementor-element elementor-element-3a3d472 e-grid e-con-full e-con e-child\" data-id=\"3a3d472\" data-element_type=\"container\">\n\t\t\t\t<div class=\"elementor-element elementor-element-39e7775 elementor-invisible elementor-widget elementor-widget-html\" data-id=\"39e7775\" data-element_type=\"widget\" data-settings=\"{&quot;_animation&quot;:&quot;fadeInUp&quot;}\" data-widget_type=\"html.default\">\n\t\t\t\t\t<div class=\"icons-limpeza\">\n    <div class=\"image-icon\">\n        <img decoding=\"async\" src=\"https:\/\/sm.seg.br\/v1\/wp-content\/uploads\/2024\/10\/cuidado.png\">\n    <\/div>\n    <div class=\"lista-limpeza\">\n        <span>Cuidado com a imagem de empresas e resid\u00eancias<\/span>\n       \n    <\/div>\n<\/div>\t\t\t\t<\/div>\n\t\t\t\t<div class=\"elementor-element elementor-element-d01806f elementor-invisible elementor-widget elementor-widget-html\" data-id=\"d01806f\" data-element_type=\"widget\" data-settings=\"{&quot;_animation&quot;:&quot;fadeInUp&quot;}\" data-widget_type=\"html.default\">\n\t\t\t\t\t<div class=\"icons-limpeza\">\n    <div class=\"image-icon\">\n        <img decoding=\"async\" src=\"https:\/\/sm.seg.br\/v1\/wp-content\/uploads\/2024\/10\/ferramentas.png\">\n    <\/div>\n    <div class=\"lista-limpeza\">\n        <span>Ferramentas e Materiais apropriados<\/span>\n       \n    <\/div>\n<\/div>\t\t\t\t<\/div>\n\t\t\t\t<div class=\"elementor-element elementor-element-6be3f73 elementor-invisible elementor-widget elementor-widget-html\" data-id=\"6be3f73\" data-element_type=\"widget\" data-settings=\"{&quot;_animation&quot;:&quot;fadeInUp&quot;}\" data-widget_type=\"html.default\">\n\t\t\t\t\t<div class=\"icons-limpeza\">\n    <div class=\"image-icon\">\n        <img decoding=\"async\" src=\"https:\/\/sm.seg.br\/v1\/wp-content\/uploads\/2024\/10\/uniforme.png\">\n    <\/div>\n    <div class=\"lista-limpeza\">\n        <span>Equipe Uniformizada<\/span>\n       \n    <\/div>\n<\/div>\t\t\t\t<\/div>\n\t\t\t\t<div class=\"elementor-element elementor-element-401102e elementor-invisible elementor-widget elementor-widget-html\" data-id=\"401102e\" data-element_type=\"widget\" data-settings=\"{&quot;_animation&quot;:&quot;fadeInUp&quot;}\" data-widget_type=\"html.default\">\n\t\t\t\t\t<div class=\"icons-limpeza\">\n    <div class=\"image-icon\">\n        <img decoding=\"async\" src=\"https:\/\/sm.seg.br\/v1\/wp-content\/uploads\/2024\/10\/deficacao.png\">\n    <\/div>\n    <div class=\"lista-limpeza\">\n        <span>Dedica\u00e7\u00e3o e capricho<\/span>\n       \n    <\/div>\n<\/div>\t\t\t\t<\/div>\n\t\t\t\t<\/div>\n\t\t\t\t<\/div>\n\t\t\t\t<\/div>\n\t\t\t\t\t<\/div>\n\t\t\t\t<\/div>\n\t\t<div class=\"elementor-element elementor-element-b63f828 e-flex e-con-boxed elementor-invisible e-con e-parent\" data-id=\"b63f828\" data-element_type=\"container\" data-settings=\"{&quot;background_background&quot;:&quot;classic&quot;,&quot;animation&quot;:&quot;fadeIn&quot;}\">\n\t\t\t\t\t<div class=\"e-con-inner\">\n\t\t<div class=\"elementor-element elementor-element-d7f9687 e-con-full e-flex e-con e-child\" data-id=\"d7f9687\" data-element_type=\"container\">\n\t\t\t\t<div class=\"elementor-element elementor-element-41f99b0 elementor-position-top elementor-invisible elementor-widget elementor-widget-image-box\" data-id=\"41f99b0\" data-element_type=\"widget\" data-settings=\"{&quot;_animation&quot;:&quot;fadeInLeft&quot;}\" data-widget_type=\"image-box.default\">\n\t\t\t\t\t<div class=\"elementor-image-box-wrapper\"><figure class=\"elementor-image-box-img\"><img loading=\"lazy\" decoding=\"async\" width=\"151\" height=\"153\" src=\"https:\/\/sm.seg.br\/v1\/wp-content\/uploads\/2024\/10\/mapa-br.webp\" class=\"attachment-full size-full wp-image-291\" alt=\"\" \/><\/figure><div class=\"elementor-image-box-content\"><p class=\"elementor-image-box-description\">Atendimento em todo <\/br> estado do Paran\u00e1<\/p><\/div><\/div>\t\t\t\t<\/div>\n\t\t\t\t<\/div>\n\t\t<div class=\"elementor-element elementor-element-861cffc e-con-full e-flex e-con e-child\" data-id=\"861cffc\" data-element_type=\"container\">\n\t\t\t\t<div class=\"elementor-element elementor-element-f0abd1f elementor-position-top elementor-invisible elementor-widget elementor-widget-image-box\" data-id=\"f0abd1f\" data-element_type=\"widget\" data-settings=\"{&quot;_animation&quot;:&quot;fadeInRight&quot;}\" data-widget_type=\"image-box.default\">\n\t\t\t\t\t<div class=\"elementor-image-box-wrapper\"><figure class=\"elementor-image-box-img\"><img loading=\"lazy\" decoding=\"async\" width=\"159\" height=\"153\" src=\"https:\/\/sm.seg.br\/v1\/wp-content\/uploads\/2024\/10\/equipe-pro.webp\" class=\"attachment-full size-full wp-image-290\" alt=\"\" \/><\/figure><div class=\"elementor-image-box-content\"><p class=\"elementor-image-box-description\">Equipe Profissional<\/p><\/div><\/div>\t\t\t\t<\/div>\n\t\t\t\t<\/div>\n\t\t\t\t\t<\/div>\n\t\t\t\t<\/div>\n\t\t<div class=\"elementor-element elementor-element-3827195 e-flex e-con-boxed e-con e-parent\" data-id=\"3827195\" data-element_type=\"container\">\n\t\t\t\t\t<div class=\"e-con-inner\">\n\t\t\t\t<div class=\"elementor-element elementor-element-7fcc9bd elementor-invisible elementor-widget elementor-widget-image\" data-id=\"7fcc9bd\" data-element_type=\"widget\" data-settings=\"{&quot;_animation&quot;:&quot;fadeInUp&quot;}\" data-widget_type=\"image.default\">\n\t\t\t\t\t\t\t\t\t\t\t\t\t\t\t<img loading=\"lazy\" decoding=\"async\" width=\"800\" height=\"265\" src=\"https:\/\/sm.seg.br\/v1\/wp-content\/uploads\/2024\/10\/Logo-SM-1024x339.webp\" class=\"attachment-large size-large wp-image-14\" alt=\"\" srcset=\"https:\/\/sm.seg.br\/v1\/wp-content\/uploads\/2024\/10\/Logo-SM-1024x339.webp 1024w, https:\/\/sm.seg.br\/v1\/wp-content\/uploads\/2024\/10\/Logo-SM-300x99.webp 300w, https:\/\/sm.seg.br\/v1\/wp-content\/uploads\/2024\/10\/Logo-SM-768x254.webp 768w, https:\/\/sm.seg.br\/v1\/wp-content\/uploads\/2024\/10\/Logo-SM.webp 1512w\" sizes=\"(max-width: 800px) 100vw, 800px\" \/>\t\t\t\t\t\t\t\t\t\t\t\t\t\t\t<\/div>\n\t\t\t\t\t<\/div>\n\t\t\t\t<\/div>\n\t\t\t\t<\/div>\n\t\t","protected":false},"excerpt":{"rendered":"<p>Contamos com uma equipe com mais de 20 anos de experi\u00eancia no mercado, a S\u00e3o Miguel Servi\u00e7os e Vigil\u00e2ncia tem um \u00fanico prop\u00f3sito: ajudar a melhorar a qualidade de vida em lares e empresas.&nbsp; Oferecemos solu\u00e7\u00f5es completas em servi\u00e7os de limpeza profissional, limpeza comercial, portaria 24 horas, servi\u00e7o de vigil\u00e2ncia e seguran\u00e7a patrimonial. Nossas solu\u00e7\u00f5es [&hellip;]<\/p>\n","protected":false},"author":1,"featured_media":0,"parent":0,"menu_order":0,"comment_status":"closed","ping_status":"closed","template":"elementor_header_footer","meta":{"footnotes":""},"class_list":["post-49","page","type-page","status-publish","hentry"],"_links":{"self":[{"href":"https:\/\/sm.seg.br\/v1\/wp-json\/wp\/v2\/pages\/49","targetHints":{"allow":["GET"]}}],"collection":[{"href":"https:\/\/sm.seg.br\/v1\/wp-json\/wp\/v2\/pages"}],"about":[{"href":"https:\/\/sm.seg.br\/v1\/wp-json\/wp\/v2\/types\/page"}],"author":[{"embeddable":true,"href":"https:\/\/sm.seg.br\/v1\/wp-json\/wp\/v2\/users\/1"}],"replies":[{"embeddable":true,"href":"https:\/\/sm.seg.br\/v1\/wp-json\/wp\/v2\/comments?post=49"}],"version-history":[{"count":181,"href":"https:\/\/sm.seg.br\/v1\/wp-json\/wp\/v2\/pages\/49\/revisions"}],"predecessor-version":[{"id":340,"href":"https:\/\/sm.seg.br\/v1\/wp-json\/wp\/v2\/pages\/49\/revisions\/340"}],"wp:attachment":[{"href":"https:\/\/sm.seg.br\/v1\/wp-json\/wp\/v2\/media?parent=49"}],"curies":[{"name":"wp","href":"https:\/\/api.w.org\/{rel}","templated":true}]}}